{"id":53268,"date":"2026-04-08T15:07:35","date_gmt":"2026-04-08T13:07:35","guid":{"rendered":"https:\/\/gruendau.gemeinde-entwickler.de\/?page_id=53268"},"modified":"2026-04-08T15:08:35","modified_gmt":"2026-04-08T13:08:35","slug":"neues-aus-dem-rathaus","status":"publish","type":"page","link":"https:\/\/gruendau.de\/en\/neues-aus-dem-rathaus\/","title":{"rendered":"Neues aus dem Rathaus"},"content":{"rendered":"\t\t<div data-elementor-type=\"wp-page\" data-elementor-id=\"53268\" class=\"elementor elementor-53268\" data-elementor-post-type=\"page\">\n\t\t\t\t<div class=\"elementor-element elementor-element-c419f65 elementor-repeater-item-ang_container_padding_3 sk-dark-bg e-flex e-con-boxed elementor-repeater-item-none elementor-repeater-item-none_hover e-con e-parent\" data-id=\"c419f65\" data-element_type=\"container\" data-e-type=\"container\" data-settings=\"{&quot;jet_parallax_layout_list&quot;:[],&quot;background_background&quot;:&quot;classic&quot;,&quot;ang_container_spacing_size&quot;:&quot;ang_container_padding_3&quot;}\">\n\t\t\t\t\t<div class=\"e-con-inner\">\n\t\t\t\t<div class=\"elementor-element elementor-element-ae789e0 elementor-repeater-item-none elementor-repeater-item-none_hover elementor-widget elementor-widget-shortcode\" data-id=\"ae789e0\" data-element_type=\"widget\" data-e-type=\"widget\" data-widget_type=\"shortcode.default\">\n\t\t\t\t<div class=\"elementor-widget-container\">\n\t\t\t\t\t\t\t<div class=\"elementor-shortcode\"><div id=\"gemeinde-news-6a02362ddbd29\" class=\"gemeinde-news-container gemeinde-news-ssr gemeinde-news-ssr-advanced cols-3 cols-mobile-1 cols-tablet-2 cols-desktop-3\" data-columns-mobile=\"1\" data-columns-tablet=\"2\" data-columns-desktop=\"3\" data-pagination=\"true\" data-ssr-proxy=\"true\" data-limit=\"6\" data-status=\"PUBLISHED\" data-post-type=\"NEWS\" data-advanced-filter='{&quot;conditions&quot;:[{&quot;field&quot;:&quot;orgId&quot;,&quot;op&quot;:&quot;include&quot;,&quot;value&quot;:[&quot;b054d256-f04f-4eb9-8ae3-2db78a8ea2d0&quot;,&quot;1ecafcab-2d80-46b1-8323-cd1111bd1c5e&quot;]}]}' data-sort-direction=\"DESC\" data-ajax-url=\"https:\/\/gruendau.de\/wp-admin\/admin-ajax.php\" data-nonce=\"8539682a98\"><div class=\"gemeinde-news-ssr-content\"><style>\n.news-item .news-type {\n    background-color: var(--e-global-color-sk_color_5, #007cba);\n    padding: 4px 8px;\n    border-radius: 4px;\n    font-size: 12px;\n    color: white;\n    position: absolute;\n    top: 15px;\n    right:15px;\n}\n.news-item .excerpt{\n   font-size:1rem;\n}\n\n.news-item a {\n    margin: 20px;\n    text-decoration: none;\n    font-size: 12px;\n    font-weight: 600;\n    margin-top: 10px;\n    display: inline-block;\n    color: var(--e-global-color-sk_color_5, #007cba);\n    padding: 8px 16px;\n    border-radius: 4px;\n    position: absolute;\n    bottom: 0;\n    left: 0;\n}\n.news-item a:hover{\n  color: black;\n    transform: translateY(-1px);\n}\n\n.news-item .news-header {\n    margin-bottom: 10px;\n    display: flex;\n    justify-content: space-between;\n    align-items: center;\n}\n\n.news-item .news-title {\n    font-size: 1.3rem;\n    font-weight: 500;\n    margin: 0;\n}\n.news-item:hover{\nborder-color: var(--e-global-color-sk_color_5);\n}\n.news-item {\n  transition: all 0.2s ease-in;\nborder: 2px solid #0000001a;\n    position: relative;\n    min-height: 450px;\n    overflow: hidden;\n    margin-bottom: 20px;\n    border-radius: 8px;\n  background: white;\n}\n\n.news-item .news-item-inner {\ndisplay:flex;\nflex-direction:column;\ngap:5px;\n    padding: 1.5em;\n}\n\n.news-item .news-thumbnail {\n    width: 100%;\n    overflow: hidden;\n    height: 200px;\n    object-fit: cover;\n}\n\n.news-item .news-thumbnail img {\n    height: 100%;\n    width: 100%;\n    object-fit: cover;\n} \n.news-item .news-read-more {\n    margin: 15px;\n    text-decoration: none;\n    font-size: 1rem;\n    font-weight: 400;\n    text-align: right;\n    background-color: transparent;\n    color: var(--e-global-color-sk_color_5, #007cba);\n    padding: 8px 16px;\n    position: absolute;\n    bottom: 0;\n    right: 0;\n}\n<\/style>\n\n<div class=\"gemeinde-news-grid\" data-pagination='{\"total\":57,\"page\":1,\"limit\":6,\"totalPages\":10}'><article class=\"news-item\">  <div class=\"news-thumbnail\"> \n    <img decoding=\"async\" src=\"https:\/\/v6.gemeinde-entwickler.de\/wp-content\/uploads\/2025\/02\/hero-template-4.webp\" alt=\"STADTRADELN 2026: Gr\u00fcndau ist wieder dabei \ud83d\udeb2\"> \n    <span class=\"news-type\">Nachrichten<\/span>\n<\/div><div class=\"news-item-inner\">\n        <div class=\"news-header\">\n            <h5 class=\"news-title\">STADTRADELN 2026: Gr\u00fcndau ist wieder dabei \ud83d\udeb2<\/h5> \n\n        <\/div>\n<p class=\"excerpt\">Auch 2026 hei\u00dft es wieder: rauf aufs Rad \u2013 f\u00fcr mehr nachhaltige Mobilit\u00e4t, Bewegung, Teamgeist und K...<\/p>\n        <div class=\"news-excerpt\">  <\/div>\n    <\/div> <a class=\"news-read-more\" href=\"\/neuigkeiten\/stadtradeln-2026-grndau-ist-wieder-dabei-d0d8432f\/\">mehr lesen<\/a>\n<\/article><article class=\"news-item\">  <div class=\"news-thumbnail\"> \n    <img decoding=\"async\" src=\"https:\/\/nbg1.your-objectstorage.com\/townhall\/workspace-53\/news\/thumbnails\/05a7cd62.webp\" alt=\"Erheblicher Sachschaden auf der Baustelle des neuen Feuerwehrhauses in Rothenbergen\"> \n    <span class=\"news-type\">Nachrichten<\/span>\n<\/div><div class=\"news-item-inner\">\n        <div class=\"news-header\">\n            <h5 class=\"news-title\">Erheblicher Sachschaden auf der Baustelle des neuen Feuerwehrhauses in Rothenbergen<\/h5> \n\n        <\/div>\n<p class=\"excerpt\">Mutwillige Zerst\u00f6rung auf der Baustelle des neuen Feuerwehrhauses in Rothenbergen. \ud83d\udea7Bislang unbekan...<\/p>\n        <div class=\"news-excerpt\">  <\/div>\n    <\/div> <a class=\"news-read-more\" href=\"\/neuigkeiten\/erheblicher-sachschaden-auf-der-baustelle-des-neuen-feuerwehrhauses-in-rothenbergen-e1ca46e0\/\">mehr lesen<\/a>\n<\/article><article class=\"news-item\">  <div class=\"news-thumbnail\"> \n    <img decoding=\"async\" src=\"https:\/\/nbg1.your-objectstorage.com\/townhall\/workspace-53\/news\/thumbnails\/12a3d364.webp\" alt=\"Pr\u00e4ventive Bek\u00e4mpfung des Eichenprozessionsspinners in Gr\u00fcndau am 29. und 30. April. \u2757\ud83d\udc1b\"> \n    <span class=\"news-type\">Nachrichten<\/span>\n<\/div><div class=\"news-item-inner\">\n        <div class=\"news-header\">\n            <h5 class=\"news-title\">Pr\u00e4ventive Bek\u00e4mpfung des Eichenprozessionsspinners in Gr\u00fcndau am 29. und 30. April. \u2757\ud83d\udc1b<\/h5> \n\n        <\/div>\n<p class=\"excerpt\">Die Gemeinde Gr\u00fcndau f\u00fchrt auch in diesem Jahr eine gezielte Pr\u00e4ventionsma\u00dfnahme gegen den Eichenpro...<\/p>\n        <div class=\"news-excerpt\">  <\/div>\n    <\/div> <a class=\"news-read-more\" href=\"\/neuigkeiten\/prventive-bekmpfung-des-eichenprozessionsspinners-in-grndau-am-29-und-30-april-9e6a403b\/\">mehr lesen<\/a>\n<\/article><article class=\"news-item\">  <div class=\"news-thumbnail\"> \n    <img decoding=\"async\" src=\"https:\/\/nbg1.your-objectstorage.com\/townhall\/workspace-53\/news\/thumbnails\/e0176acf.webp\"> \n    <span class=\"news-type\">Nachrichten<\/span>\n<\/div><div class=\"news-item-inner\">\n        <div class=\"news-header\">\n            <h5 class=\"news-title\">Er\u00f6ffnung \u201eHalle der Begegnung\"<\/h5> \n\n        <\/div>\n<p class=\"excerpt\">Ein Ort f\u00fcr viele unterschiedliche Anl\u00e4sse: von Abschied bis Begegnung.Am Freitag wurde die neue \u201eHa...<\/p>\n        <div class=\"news-excerpt\">  <\/div>\n    <\/div> <a class=\"news-read-more\" href=\"\/neuigkeiten\/erffnung-halle-der-begegnung-9110d49b\/\">mehr lesen<\/a>\n<\/article><article class=\"news-item\">  <div class=\"news-thumbnail\"> \n    <img decoding=\"async\" src=\"https:\/\/nbg1.your-objectstorage.com\/townhall\/workspace-53\/news\/thumbnails\/a8e72c89.webp\" alt=\"Unsere neue Website ist online\"> \n    <span class=\"news-type\">Nachrichten<\/span>\n<\/div><div class=\"news-item-inner\">\n        <div class=\"news-header\">\n            <h5 class=\"news-title\">Unsere neue Website ist online<\/h5> \n\n        <\/div>\n<p class=\"excerpt\">Mehr \u00dcbersicht, mehr Service, mehr Gr\u00fcndau: Die neue Website ist online! \ud83e\udd73\n\u00a0\nAlle wichtigen Informa...<\/p>\n        <div class=\"news-excerpt\">  <\/div>\n    <\/div> <a class=\"news-read-more\" href=\"\/neuigkeiten\/unsere-neue-website-ist-online-bebe983d\/\">mehr lesen<\/a>\n<\/article><article class=\"news-item\">  <div class=\"news-thumbnail\"> \n    <img decoding=\"async\" src=\"https:\/\/nbg1.your-objectstorage.com\/townhall\/workspace-53\/news\/thumbnails\/7447a33d.webp\"> \n    <span class=\"news-type\">Nachrichten<\/span>\n<\/div><div class=\"news-item-inner\">\n        <div class=\"news-header\">\n            <h5 class=\"news-title\">Er\u00f6ffnung der neuen \"Halle der Begegnung\" in Mittel-Gr\u00fcndau<\/h5> \n\n        <\/div>\n<p class=\"excerpt\">Am morgigen Freitag, 24.04.2026, wird die neu erbaute \"Halle der Begegnung\" nach Abschluss aller Bau...<\/p>\n        <div class=\"news-excerpt\">  <\/div>\n    <\/div> <a class=\"news-read-more\" href=\"\/neuigkeiten\/erffnung-der-neuen-halle-der-begegnung-in-mittel-grndau-6bfa0074\/\">mehr lesen<\/a>\n<\/article><\/div><\/div><div class=\"gemeinde-news-pagination ssr\"><span class=\"pagination-button active\">1<\/span><a class=\"pagination-button\" href=\"javascript:void(0)\" data-page=\"2\" role=\"button\" aria-label=\"Seite 2\" onclick=\"return window.gemeindePaginateClick&amp;&amp;window.gemeindePaginateClick(this,event);\">2<\/a><span class=\"pagination-button ellipsis\" aria-hidden=\"true\">...<\/span><a class=\"pagination-button\" href=\"javascript:void(0)\" data-page=\"10\" role=\"button\" aria-label=\"Seite 10\" onclick=\"return window.gemeindePaginateClick&amp;&amp;window.gemeindePaginateClick(this,event);\">10<\/a><a class=\"pagination-button next\" href=\"javascript:void(0)\" data-page=\"2\" role=\"button\" aria-label=\"Weiter\" onclick=\"return window.gemeindePaginateClick&amp;&amp;window.gemeindePaginateClick(this,event);\">Weiter \u2192<\/a><\/div><script>(function(){\nwindow.gemeindePaginateClick=function(link,ev){if(ev){ev.preventDefault();ev.stopPropagation();}var c=link.closest&&link.closest(\".gemeinde-news-container\");if(!c)return false;var page=parseInt(link.getAttribute(\"data-page\")||\"0\",10)||1;var fd=new FormData();fd.append(\"action\",\"gemeinde_news_frontend\");fd.append(\"nonce\",c.dataset.nonce||\"\");fd.append(\"subaction\",\"get_ssr_listing\");fd.append(\"page\",String(page));if(c.dataset.limit){fd.append(\"limit\",c.dataset.limit);}fd.append(\"status\",c.dataset.status||\"PUBLISHED\");fd.append(\"postType\",c.dataset.postType||\"NEWS\");if(c.dataset.templateId){fd.append(\"templateId\",c.dataset.templateId);}if(c.dataset.advancedFilter){fd.append(\"advancedFilter\",c.dataset.advancedFilter);}var targetId=c.id;var filterManager=window.GemeindeFilterManager&&window.GemeindeFilterManager[targetId];if(filterManager&&filterManager.filters){var hasAdvancedFilter=c.dataset.advancedFilter?true:false;if(filterManager.filters.category.length>0){var categoryIds=filterManager.filters.category.join(\",\");if(hasAdvancedFilter){fd.append(\"additionalCategoryId\",categoryIds);}else{fd.append(\"categoryId\",categoryIds);}}if(filterManager.filters.newstype.length>0){var typeIds=filterManager.filters.newstype.join(\",\");if(hasAdvancedFilter){fd.append(\"additionalTypeId\",typeIds);}else{fd.append(\"typeId\",typeIds);}}if(filterManager.filters.organization.length>0){var orgIds=filterManager.filters.organization.join(\",\");if(hasAdvancedFilter){fd.append(\"additionalOrgId\",orgIds);}else{fd.append(\"orgId\",orgIds);}}if(filterManager.filters.search){fd.append(\"search\",filterManager.filters.search);}if(filterManager.filters.dateFrom){fd.append(\"fromDate\",filterManager.filters.dateFrom);}if(filterManager.filters.dateTo){fd.append(\"toDate\",filterManager.filters.dateTo);}if(filterManager.filters.date){fd.append(\"date\",filterManager.filters.date);}if(filterManager.filters.status){fd.append(\"status\",filterManager.filters.status);}if(filterManager.filters.sort){fd.append(\"sortBy\",filterManager.filters.sort);}if(filterManager.filters.sortDirection){fd.append(\"sortDirection\",filterManager.filters.sortDirection);}}else{if(c.dataset.newsTypes){fd.append(\"typeId\",c.dataset.newsTypes);}else if(c.dataset.typeId){fd.append(\"typeId\",c.dataset.typeId);}if(c.dataset.fromDate){fd.append(\"fromDate\",c.dataset.fromDate);}if(c.dataset.toDate){fd.append(\"toDate\",c.dataset.toDate);}if(c.dataset.eventCategories){fd.append(\"categoryId\",c.dataset.eventCategories);}if(c.dataset.sortBy){fd.append(\"sortBy\",c.dataset.sortBy);}if(c.dataset.sortDirection){fd.append(\"sortDirection\",c.dataset.sortDirection);}}c.classList.add(\"is-loading\");var ajaxUrl=(c.dataset.ajaxUrl||\"https:\/\/gruendau.de\/wp-admin\/admin-ajax.php\");fetch(ajaxUrl,{method:\"POST\",credentials:\"same-origin\",body:fd}).then(function(r){return r.json();}).then(function(resp){c.classList.remove(\"is-loading\");if(!resp||!resp.success||!resp.data){return;}var content=c.querySelector(\".gemeinde-news-ssr-content\");var pag=c.querySelector(\".gemeinde-news-pagination\");if(content&&resp.data.html){content.innerHTML=resp.data.html;}if(resp.data.paginationHtml&&pag){pag.innerHTML=resp.data.paginationHtml;}if(pag){var as=pag.querySelectorAll(\"a\");as.forEach(function(a){var p=parseInt(a.getAttribute(\"data-page\")||\"1\",10)||1;a.setAttribute(\"data-page\",String(p));a.setAttribute(\"href\",\"javascript:void(0)\");a.onclick=function(e){e.preventDefault();window.gemeindePaginateClick(this,e);return false;};});}try{var u=new URL(window.location.href);u.searchParams.set(\"seite\",(resp.data.pagination&&resp.data.pagination.page)?resp.data.pagination.page:page);history.replaceState({},\"\",u.toString());}catch(e){}var y=c.getBoundingClientRect().top+window.scrollY-200;window.scrollTo({top:Math.max(0,y),behavior:\"smooth\"});}).catch(function(){c.classList.remove(\"is-loading\");});return false;};\ndocument.querySelectorAll(\".gemeinde-news-container.gemeinde-news-ssr .gemeinde-news-pagination a\").forEach(function(a){var p=parseInt(a.getAttribute(\"data-page\")||\"1\",10)||1;a.setAttribute(\"data-page\",String(p));a.setAttribute(\"href\",\"javascript:void(0)\");a.onclick=function(e){e.preventDefault();window.gemeindePaginateClick(this,e);return false;};});\n})();<\/script><\/div> <\/div>\n\t\t\t\t\t\t<\/div>\n\t\t\t\t<\/div>\n\t\t\t\t\t<\/div>\n\t\t\t\t<\/div>\n\t\t\t\t<\/div>\n\t\t","protected":false},"excerpt":{"rendered":"","protected":false},"author":9,"featured_media":0,"parent":0,"menu_order":0,"comment_status":"closed","ping_status":"closed","template":"","meta":{"iawp_total_views":192,"footnotes":""},"categories":[],"tags":[],"class_list":["post-53268","page","type-page","status-publish","hentry"],"yoast_head":"<!-- This site is optimized with the Yoast SEO plugin v27.5 - https:\/\/yoast.com\/product\/yoast-seo-wordpress\/ -->\n<title>Neues aus dem Rathaus - Gemeinde Gr\u00fcndau<\/title>\n<meta name=\"robots\" content=\"noindex, follow, max-snippet:-1, max-image-preview:large, max-video-preview:-1\" \/>\n<meta property=\"og:locale\" content=\"en_US\" \/>\n<meta property=\"og:type\" content=\"article\" \/>\n<meta property=\"og:title\" content=\"Neues aus dem Rathaus - Gemeinde Gr\u00fcndau\" \/>\n<meta property=\"og:url\" content=\"https:\/\/gruendau.de\/en\/neues-aus-dem-rathaus\/\" \/>\n<meta property=\"og:site_name\" content=\"Gemeinde Gr\u00fcndau\" \/>\n<meta property=\"article:modified_time\" content=\"2026-04-08T13:08:35+00:00\" \/>\n<meta name=\"twitter:card\" content=\"summary_large_image\" \/>\n<script type=\"application\/ld+json\" class=\"yoast-schema-graph\">{\"@context\":\"https:\\\/\\\/schema.org\",\"@graph\":[{\"@type\":\"WebPage\",\"@id\":\"https:\\\/\\\/gruendau.de\\\/neues-aus-dem-rathaus\\\/\",\"url\":\"https:\\\/\\\/gruendau.de\\\/neues-aus-dem-rathaus\\\/\",\"name\":\"Neues aus dem Rathaus - Gemeinde Gr\u00fcndau\",\"isPartOf\":{\"@id\":\"https:\\\/\\\/gruendau.de\\\/#website\"},\"datePublished\":\"2026-04-08T13:07:35+00:00\",\"dateModified\":\"2026-04-08T13:08:35+00:00\",\"breadcrumb\":{\"@id\":\"https:\\\/\\\/gruendau.de\\\/neues-aus-dem-rathaus\\\/#breadcrumb\"},\"inLanguage\":\"en-US\",\"potentialAction\":[{\"@type\":\"ReadAction\",\"target\":[\"https:\\\/\\\/gruendau.de\\\/neues-aus-dem-rathaus\\\/\"]}]},{\"@type\":\"BreadcrumbList\",\"@id\":\"https:\\\/\\\/gruendau.de\\\/neues-aus-dem-rathaus\\\/#breadcrumb\",\"itemListElement\":[{\"@type\":\"ListItem\",\"position\":1,\"name\":\"Startseite\",\"item\":\"https:\\\/\\\/gruendau.de\\\/\"},{\"@type\":\"ListItem\",\"position\":2,\"name\":\"Neues aus dem Rathaus\"}]},{\"@type\":\"WebSite\",\"@id\":\"https:\\\/\\\/gruendau.de\\\/#website\",\"url\":\"https:\\\/\\\/gruendau.de\\\/\",\"name\":\"Gemeinde Gr\u00fcndau\",\"description\":\"Wir freuen uns \u00fcber Ihren Besuch auf unserer Website.\",\"publisher\":{\"@id\":\"https:\\\/\\\/gruendau.de\\\/#organization\"},\"potentialAction\":[{\"@type\":\"SearchAction\",\"target\":{\"@type\":\"EntryPoint\",\"urlTemplate\":\"https:\\\/\\\/gruendau.de\\\/?s={search_term_string}\"},\"query-input\":{\"@type\":\"PropertyValueSpecification\",\"valueRequired\":true,\"valueName\":\"search_term_string\"}}],\"inLanguage\":\"en-US\"},{\"@type\":\"Organization\",\"@id\":\"https:\\\/\\\/gruendau.de\\\/#organization\",\"name\":\"Gemeinde Gr\u00fcndau\",\"url\":\"https:\\\/\\\/gruendau.de\\\/\",\"logo\":{\"@type\":\"ImageObject\",\"inLanguage\":\"en-US\",\"@id\":\"https:\\\/\\\/gruendau.de\\\/#\\\/schema\\\/logo\\\/image\\\/\",\"url\":\"\",\"contentUrl\":\"\",\"caption\":\"Gemeinde Gr\u00fcndau\"},\"image\":{\"@id\":\"https:\\\/\\\/gruendau.de\\\/#\\\/schema\\\/logo\\\/image\\\/\"}}]}<\/script>\n<!-- \/ Yoast SEO plugin. -->","yoast_head_json":{"title":"Neues aus dem Rathaus - Gemeinde Gr\u00fcndau","robots":{"index":"noindex","follow":"follow","max-snippet":"max-snippet:-1","max-image-preview":"max-image-preview:large","max-video-preview":"max-video-preview:-1"},"og_locale":"en_US","og_type":"article","og_title":"Neues aus dem Rathaus - Gemeinde Gr\u00fcndau","og_url":"https:\/\/gruendau.de\/en\/neues-aus-dem-rathaus\/","og_site_name":"Gemeinde Gr\u00fcndau","article_modified_time":"2026-04-08T13:08:35+00:00","twitter_card":"summary_large_image","schema":{"@context":"https:\/\/schema.org","@graph":[{"@type":"WebPage","@id":"https:\/\/gruendau.de\/neues-aus-dem-rathaus\/","url":"https:\/\/gruendau.de\/neues-aus-dem-rathaus\/","name":"Neues aus dem Rathaus - Gemeinde Gr\u00fcndau","isPartOf":{"@id":"https:\/\/gruendau.de\/#website"},"datePublished":"2026-04-08T13:07:35+00:00","dateModified":"2026-04-08T13:08:35+00:00","breadcrumb":{"@id":"https:\/\/gruendau.de\/neues-aus-dem-rathaus\/#breadcrumb"},"inLanguage":"en-US","potentialAction":[{"@type":"ReadAction","target":["https:\/\/gruendau.de\/neues-aus-dem-rathaus\/"]}]},{"@type":"BreadcrumbList","@id":"https:\/\/gruendau.de\/neues-aus-dem-rathaus\/#breadcrumb","itemListElement":[{"@type":"ListItem","position":1,"name":"Startseite","item":"https:\/\/gruendau.de\/"},{"@type":"ListItem","position":2,"name":"Neues aus dem Rathaus"}]},{"@type":"WebSite","@id":"https:\/\/gruendau.de\/#website","url":"https:\/\/gruendau.de\/","name":"Gemeinde Gr\u00fcndau","description":"Wir freuen uns \u00fcber Ihren Besuch auf unserer Website.","publisher":{"@id":"https:\/\/gruendau.de\/#organization"},"potentialAction":[{"@type":"SearchAction","target":{"@type":"EntryPoint","urlTemplate":"https:\/\/gruendau.de\/?s={search_term_string}"},"query-input":{"@type":"PropertyValueSpecification","valueRequired":true,"valueName":"search_term_string"}}],"inLanguage":"en-US"},{"@type":"Organization","@id":"https:\/\/gruendau.de\/#organization","name":"Gemeinde Gr\u00fcndau","url":"https:\/\/gruendau.de\/","logo":{"@type":"ImageObject","inLanguage":"en-US","@id":"https:\/\/gruendau.de\/#\/schema\/logo\/image\/","url":"","contentUrl":"","caption":"Gemeinde Gr\u00fcndau"},"image":{"@id":"https:\/\/gruendau.de\/#\/schema\/logo\/image\/"}}]}},"_links":{"self":[{"href":"https:\/\/gruendau.de\/en\/wp-json\/wp\/v2\/pages\/53268","targetHints":{"allow":["GET"]}}],"collection":[{"href":"https:\/\/gruendau.de\/en\/wp-json\/wp\/v2\/pages"}],"about":[{"href":"https:\/\/gruendau.de\/en\/wp-json\/wp\/v2\/types\/page"}],"author":[{"embeddable":true,"href":"https:\/\/gruendau.de\/en\/wp-json\/wp\/v2\/users\/9"}],"replies":[{"embeddable":true,"href":"https:\/\/gruendau.de\/en\/wp-json\/wp\/v2\/comments?post=53268"}],"version-history":[{"count":7,"href":"https:\/\/gruendau.de\/en\/wp-json\/wp\/v2\/pages\/53268\/revisions"}],"predecessor-version":[{"id":53275,"href":"https:\/\/gruendau.de\/en\/wp-json\/wp\/v2\/pages\/53268\/revisions\/53275"}],"wp:attachment":[{"href":"https:\/\/gruendau.de\/en\/wp-json\/wp\/v2\/media?parent=53268"}],"wp:term":[{"taxonomy":"category","embeddable":true,"href":"https:\/\/gruendau.de\/en\/wp-json\/wp\/v2\/categories?post=53268"},{"taxonomy":"post_tag","embeddable":true,"href":"https:\/\/gruendau.de\/en\/wp-json\/wp\/v2\/tags?post=53268"}],"curies":[{"name":"wp","href":"https:\/\/api.w.org\/{rel}","templated":true}]}}