{"id":53917,"date":"2026-05-13T11:21:08","date_gmt":"2026-05-13T09:21:08","guid":{"rendered":"https:\/\/gruendau.de\/?page_id=53917"},"modified":"2026-05-13T12:34:09","modified_gmt":"2026-05-13T10:34:09","slug":"kisi","status":"publish","type":"page","link":"https:\/\/gruendau.de\/en\/kisi\/","title":{"rendered":"Integration"},"content":{"rendered":"<div data-elementor-type=\"wp-page\" data-elementor-id=\"53917\" class=\"elementor elementor-53917\" data-elementor-post-type=\"page\">\n\t\t\t\t<div class=\"elementor-element elementor-element-b57428f elementor-repeater-item-ang_container_padding_3 sk-dark-bg e-flex e-con-boxed elementor-repeater-item-none elementor-repeater-item-none_hover e-con e-parent\" data-id=\"b57428f\" data-element_type=\"container\" data-e-type=\"container\" data-settings=\"{&quot;jet_parallax_layout_list&quot;:[],&quot;ang_container_spacing_size&quot;:&quot;ang_container_padding_3&quot;,&quot;background_background&quot;:&quot;classic&quot;}\">\n\t\t\t\t\t<div class=\"e-con-inner\">\n\t\t<div class=\"elementor-element elementor-element-215bac6 e-con-full elementor-repeater-item-ang_container_padding_4 elementor-repeater-item-shadow_2 sk-light-bg e-flex elementor-repeater-item-none_hover e-con e-child\" data-id=\"215bac6\" data-element_type=\"container\" data-e-type=\"container\" data-settings=\"{&quot;ang_container_spacing_size&quot;:&quot;ang_container_padding_4&quot;,&quot;background_background&quot;:&quot;classic&quot;,&quot;jet_parallax_layout_list&quot;:[],&quot;animation&quot;:&quot;none&quot;}\">\n\t\t\t\t<div class=\"elementor-element elementor-element-924def3 elementor-widget__width-inherit elementor-repeater-item-none elementor-repeater-item-none_hover elementor-widget elementor-widget-heading\" data-id=\"924def3\" data-element_type=\"widget\" data-e-type=\"widget\" data-widget_type=\"heading.default\">\n\t\t\t\t<div class=\"elementor-widget-container\">\n\t\t\t\t\t<h2 class=\"elementor-heading-title elementor-size-default\">Neue Anlaufstelle f\u00fcr Integration im Rathaus Gr\u00fcndau<\/h2>\t\t\t\t<\/div>\n\t\t\t\t<\/div>\n\t\t\t\t<div class=\"elementor-element elementor-element-7f0d341 elementor-widget__width-inherit elementor-repeater-item-none elementor-repeater-item-none_hover elementor-widget elementor-widget-text-editor\" data-id=\"7f0d341\" data-element_type=\"widget\" data-e-type=\"widget\" data-widget_type=\"text-editor.default\">\n\t\t\t\t<div class=\"elementor-widget-container\">\n\t\t\t\t\t\t\t\t\t<p>Die Gemeinde Gr\u00fcndau hat sich erfolgreich um eine von 41 Integrationsguide-Stellen beim Land Hessen beworben. Ab dem 01.02.2026 konnte die Stelle des Integrationsguides im Rahmen des Projekts \u201eKISI\u201c (Kommunale Integrationsguides zur St\u00e4rkung der Integrationserfolge) mit der neuen Mitarbeiterin Melanie Felden besetzt werden. Mit ihrer fachlichen Erfahrung und ihrem pers\u00f6nlichen Engagement aus \u00fcber zehn Jahren Ehrenamt in der Integrationsarbeit sowie sechs Jahren Berufserfahrung als Sozialbetreuerin f\u00fcr gefl\u00fcchtete Menschen bringt sie die notwendige Kompetenz mit.<\/p><p>\u00a0<\/p><p>Das Projekt verfolgt das Ziel, die kommunalen Integrationserfolge zu st\u00e4rken und das Miteinander zwischen zugewanderter und einheimischer Bev\u00f6lkerung zu f\u00f6rdern. Denn ein gutes Ankommen und die aktive Teilhabe am gesellschaftlichen Leben sind nicht nur f\u00fcr die Menschen wichtig, die nach Gr\u00fcndau kommen, sondern f\u00fcr die gesamte Gesellschaft \u2013 im Sinne eines guten Zusammenlebens, aber auch mit Blick auf den zunehmenden Fachkr\u00e4ftebedarf.<\/p><p>\u00a0<\/p><p>Mit der neuen Stelle schafft die Gemeinde Gr\u00fcndau eine zentrale Anlaufstelle im Rathaus. Integrationsguide Melanie Felden begleitet Drittstaatsangeh\u00f6rige Schritt f\u00fcr Schritt beim Ankommen in Deutschland und unterst\u00fctzt sie bei Fragen rund um das Leben vor Ort.<\/p><p>\u00a0<\/p><p>Sie freut sich au\u00dferdem \u00fcber alle, die sich bereits in der Integrationsarbeit engagieren oder sich k\u00fcnftig ehrenamtlich einbringen m\u00f6chten, um das Zusammenleben in unserer Gemeinde aktiv mitzugestalten.<\/p><p>Termine k\u00f6nnen \u00fcber die Homepage der Gemeinde Gr\u00fcndau vereinbart werden. Die Beratung findet im Zimmer 10 im Erdgeschoss des Rathauses statt. Ansprechpartnerin Melanie Felden ist zudem telefonisch unter 01511-5522027 und per E-Mail unter melanie.felden@gruendau.de erreichbar.<\/p><p>\u00a0<\/p><p>Die Stelle wird im Rahmen des F\u00f6rderprogramms KISI (Kommunale Integrationsguides zur St\u00e4rkung der Integrationserfolge) gef\u00f6rdert, welches von der Europ\u00e4ischen Union und vom Land Hessen kofinanziert wird.<\/p>\t\t\t\t\t\t\t\t<\/div>\n\t\t\t\t<\/div>\n\t\t\t\t<\/div>\n\t\t<div class=\"elementor-element elementor-element-ab453aa e-con-full elementor-repeater-item-none_hover e-flex elementor-repeater-item-default_padding elementor-repeater-item-none e-con e-child\" data-id=\"ab453aa\" data-element_type=\"container\" data-e-type=\"container\" data-settings=\"{&quot;jet_parallax_layout_list&quot;:[],&quot;ang_container_spacing_size&quot;:&quot;default_padding&quot;}\">\n\t\t<div class=\"elementor-element elementor-element-f4ff3d9 e-con-full elementor-repeater-item-ang_container_padding_4 elementor-repeater-item-shadow_2 sk-light-bg e-flex elementor-repeater-item-none_hover e-con e-child\" data-id=\"f4ff3d9\" data-element_type=\"container\" data-e-type=\"container\" data-settings=\"{&quot;ang_container_spacing_size&quot;:&quot;ang_container_padding_4&quot;,&quot;background_background&quot;:&quot;classic&quot;,&quot;jet_parallax_layout_list&quot;:[],&quot;animation&quot;:&quot;none&quot;}\">\n\t\t<div class=\"elementor-element elementor-element-f8f60f0 e-con-full e-flex elementor-repeater-item-default_padding elementor-repeater-item-none elementor-repeater-item-none_hover e-con e-child\" data-id=\"f8f60f0\" data-element_type=\"container\" data-e-type=\"container\" data-settings=\"{&quot;jet_parallax_layout_list&quot;:[],&quot;ang_container_spacing_size&quot;:&quot;default_padding&quot;}\">\n\t\t\t\t<div class=\"elementor-element elementor-element-024a0b9 elementor-repeater-item-none elementor-repeater-item-none_hover elementor-widget elementor-widget-heading\" data-id=\"024a0b9\" data-element_type=\"widget\" data-e-type=\"widget\" data-widget_type=\"heading.default\">\n\t\t\t\t<div class=\"elementor-widget-container\">\n\t\t\t\t\t<h2 class=\"elementor-heading-title elementor-size-default\">Melanie Felden<\/h2>\t\t\t\t<\/div>\n\t\t\t\t<\/div>\n\t\t\t\t<\/div>\n\t\t<div class=\"elementor-element elementor-element-902e769 e-con-full e-flex elementor-repeater-item-default_padding elementor-repeater-item-none elementor-repeater-item-none_hover e-con e-child\" data-id=\"902e769\" data-element_type=\"container\" data-e-type=\"container\" data-settings=\"{&quot;jet_parallax_layout_list&quot;:[],&quot;ang_container_spacing_size&quot;:&quot;default_padding&quot;}\">\n\t\t\t\t<div class=\"elementor-element elementor-element-01bb51e elementor-icon-list--layout-traditional elementor-list-item-link-full_width elementor-repeater-item-none elementor-repeater-item-none_hover elementor-widget elementor-widget-icon-list\" data-id=\"01bb51e\" data-element_type=\"widget\" data-e-type=\"widget\" data-widget_type=\"icon-list.default\">\n\t\t\t\t<div class=\"elementor-widget-container\">\n\t\t\t\t\t\t\t<ul class=\"elementor-icon-list-items\">\n\t\t\t\t\t\t\t<li class=\"elementor-icon-list-item\">\n\t\t\t\t\t\t\t\t\t\t\t<span class=\"elementor-icon-list-icon\">\n\t\t\t\t\t\t\t<svg aria-hidden=\"true\" class=\"e-font-icon-svg e-fas-user-circle\" viewbox=\"0 0 496 512\" xmlns=\"http:\/\/www.w3.org\/2000\/svg\"><path d=\"M248 8C111 8 0 119 0 256s111 248 248 248 248-111 248-248S385 8 248 8zm0 96c48.6 0 88 39.4 88 88s-39.4 88-88 88-88-39.4-88-88 39.4-88 88-88zm0 344c-58.7 0-111.3-26.6-146.5-68.2 18.8-35.4 55.6-59.8 98.5-59.8 2.4 0 4.8.4 7.1 1.1 13 4.2 26.6 6.9 40.9 6.9 14.3 0 28-2.7 40.9-6.9 2.3-.7 4.7-1.1 7.1-1.1 42.9 0 79.7 24.4 98.5 59.8C359.3 421.4 306.7 448 248 448z\"><\/path><\/svg>\t\t\t\t\t\t<\/span>\n\t\t\t\t\t\t\t\t\t\t<span class=\"elementor-icon-list-text\">Integrationsguide <\/span>\n\t\t\t\t\t\t\t\t\t<\/li>\n\t\t\t\t\t\t\t\t<li class=\"elementor-icon-list-item\">\n\t\t\t\t\t\t\t\t\t\t\t<span class=\"elementor-icon-list-icon\">\n\t\t\t\t\t\t\t<svg aria-hidden=\"true\" class=\"e-font-icon-svg e-fas-phone-alt\" viewbox=\"0 0 512 512\" xmlns=\"http:\/\/www.w3.org\/2000\/svg\"><path d=\"M497.39 361.8l-112-48a24 24 0 0 0-28 6.9l-49.6 60.6A370.66 370.66 0 0 1 130.6 204.11l60.6-49.6a23.94 23.94 0 0 0 6.9-28l-48-112A24.16 24.16 0 0 0 122.6.61l-104 24A24 24 0 0 0 0 48c0 256.5 207.9 464 464 464a24 24 0 0 0 23.4-18.6l24-104a24.29 24.29 0 0 0-14.01-27.6z\"><\/path><\/svg>\t\t\t\t\t\t<\/span>\n\t\t\t\t\t\t\t\t\t\t<span class=\"elementor-icon-list-text\">01511-5522027<\/span>\n\t\t\t\t\t\t\t\t\t<\/li>\n\t\t\t\t\t\t\t\t<li class=\"elementor-icon-list-item\">\n\t\t\t\t\t\t\t\t\t\t\t<span class=\"elementor-icon-list-icon\">\n\t\t\t\t\t\t\t<svg aria-hidden=\"true\" class=\"e-font-icon-svg e-far-envelope\" viewbox=\"0 0 512 512\" xmlns=\"http:\/\/www.w3.org\/2000\/svg\"><path d=\"M464 64H48C21.49 64 0 85.49 0 112v288c0 26.51 21.49 48 48 48h416c26.51 0 48-21.49 48-48V112c0-26.51-21.49-48-48-48zm0 48v40.805c-22.422 18.259-58.168 46.651-134.587 106.49-16.841 13.247-50.201 45.072-73.413 44.701-23.208.375-56.579-31.459-73.413-44.701C106.18 199.465 70.425 171.067 48 152.805V112h416zM48 400V214.398c22.914 18.251 55.409 43.862 104.938 82.646 21.857 17.205 60.134 55.186 103.062 54.955 42.717.231 80.509-37.199 103.053-54.947 49.528-38.783 82.032-64.401 104.947-82.653V400H48z\"><\/path><\/svg>\t\t\t\t\t\t<\/span>\n\t\t\t\t\t\t\t\t\t\t<span class=\"elementor-icon-list-text\">melanie.felden@gruendau.de <\/span>\n\t\t\t\t\t\t\t\t\t<\/li>\n\t\t\t\t\t\t<\/ul>\n\t\t\t\t\t\t<\/div>\n\t\t\t\t<\/div>\n\t\t\t\t<\/div>\n\t\t\t\t<\/div>\n\t\t<div class=\"elementor-element elementor-element-78c12f1 e-con-full elementor-repeater-item-ang_container_padding_4 elementor-repeater-item-shadow_2 sk-light-bg e-flex elementor-repeater-item-none_hover e-con e-child\" data-id=\"78c12f1\" data-element_type=\"container\" data-e-type=\"container\" data-settings=\"{&quot;ang_container_spacing_size&quot;:&quot;ang_container_padding_4&quot;,&quot;background_background&quot;:&quot;classic&quot;,&quot;jet_parallax_layout_list&quot;:[],&quot;animation&quot;:&quot;none&quot;}\">\n\t\t\t\t<div class=\"elementor-element elementor-element-75ac5ac external_elementor-repeater-item-none_external elementor-repeater-item-none elementor-repeater-item-none_hover elementor-widget elementor-widget-image\" data-id=\"75ac5ac\" data-element_type=\"widget\" data-e-type=\"widget\" data-widget_type=\"image.default\">\n\t\t\t\t<div class=\"elementor-widget-container\">\n\t\t\t\t\t\t\t\t\t\t\t\t\t\t\t<img fetchpriority=\"high\" decoding=\"async\" width=\"764\" height=\"434\" src=\"https:\/\/gruendau.de\/wp-content\/uploads\/2026\/05\/Logo-KISI-AMIF.png\" class=\"attachment-large size-large wp-image-53922\" alt=\"\" srcset=\"https:\/\/gruendau.de\/wp-content\/uploads\/2026\/05\/Logo-KISI-AMIF.png 764w, https:\/\/gruendau.de\/wp-content\/uploads\/2026\/05\/Logo-KISI-AMIF-300x170.png 300w, https:\/\/gruendau.de\/wp-content\/uploads\/2026\/05\/Logo-KISI-AMIF-18x10.png 18w\" sizes=\"(max-width: 764px) 100vw, 764px\" \/>\t\t\t\t\t\t\t\t\t\t\t\t\t\t\t<\/div>\n\t\t\t\t<\/div>\n\t\t\t\t<div class=\"elementor-element elementor-element-53ccf26 external_elementor-repeater-item-none_external elementor-repeater-item-none elementor-repeater-item-none_hover elementor-widget elementor-widget-image\" data-id=\"53ccf26\" data-element_type=\"widget\" data-e-type=\"widget\" data-widget_type=\"image.default\">\n\t\t\t\t<div class=\"elementor-widget-container\">\n\t\t\t\t\t\t\t\t\t\t\t\t\t\t\t<img decoding=\"async\" width=\"800\" height=\"811\" src=\"https:\/\/gruendau.de\/wp-content\/uploads\/2026\/05\/Logo-blau-kofinanziert_von_der_EuropN__ischen_Union_POS.png\" class=\"attachment-large size-large wp-image-53923\" alt=\"\" srcset=\"https:\/\/gruendau.de\/wp-content\/uploads\/2026\/05\/Logo-blau-kofinanziert_von_der_EuropN__ischen_Union_POS.png 908w, https:\/\/gruendau.de\/wp-content\/uploads\/2026\/05\/Logo-blau-kofinanziert_von_der_EuropN__ischen_Union_POS-296x300.png 296w, https:\/\/gruendau.de\/wp-content\/uploads\/2026\/05\/Logo-blau-kofinanziert_von_der_EuropN__ischen_Union_POS-768x779.png 768w, https:\/\/gruendau.de\/wp-content\/uploads\/2026\/05\/Logo-blau-kofinanziert_von_der_EuropN__ischen_Union_POS-12x12.png 12w\" sizes=\"(max-width: 800px) 100vw, 800px\" \/>\t\t\t\t\t\t\t\t\t\t\t\t\t\t\t<\/div>\n\t\t\t\t<\/div>\n\t\t\t\t<\/div>\n\t\t\t\t<\/div>\n\t\t\t\t\t<\/div>\n\t\t\t\t<\/div>\n\t\t\t\t<\/div>","protected":false},"excerpt":{"rendered":"<p>Neue Anlaufstelle f\u00fcr Integration im Rathaus Gr\u00fcndau Die Gemeinde Gr\u00fcndau hat sich erfolgreich um eine von 41 Integrationsguide-Stellen beim Land Hessen beworben. Ab dem 01.02.2026 konnte die Stelle des Integrationsguides im Rahmen des Projekts \u201eKISI\u201c (Kommunale Integrationsguides zur St\u00e4rkung der Integrationserfolge) mit der neuen Mitarbeiterin Melanie Felden besetzt werden. Mit ihrer fachlichen Erfahrung und ihrem [&hellip;]<\/p>\n","protected":false},"author":12,"featured_media":0,"parent":0,"menu_order":0,"comment_status":"closed","ping_status":"closed","template":"","meta":{"iawp_total_views":0,"footnotes":""},"categories":[],"tags":[],"class_list":["post-53917","page","type-page","status-publish","hentry"],"yoast_head":"<!-- This site is optimized with the Yoast SEO plugin v27.5 - https:\/\/yoast.com\/product\/yoast-seo-wordpress\/ -->\n<title>Integration - Gemeinde Gr\u00fcndau<\/title>\n<meta name=\"robots\" content=\"index, follow, max-snippet:-1, max-image-preview:large, max-video-preview:-1\" \/>\n<link rel=\"canonical\" href=\"https:\/\/gruendau.de\/en\/kisi\/\" \/>\n<meta property=\"og:locale\" content=\"en_US\" \/>\n<meta property=\"og:type\" content=\"article\" \/>\n<meta property=\"og:title\" content=\"Integration - Gemeinde Gr\u00fcndau\" \/>\n<meta property=\"og:description\" content=\"Neue Anlaufstelle f\u00fcr Integration im Rathaus Gr\u00fcndau Die Gemeinde Gr\u00fcndau hat sich erfolgreich um eine von 41 Integrationsguide-Stellen beim Land Hessen beworben. Ab dem 01.02.2026 konnte die Stelle des Integrationsguides im Rahmen des Projekts \u201eKISI\u201c (Kommunale Integrationsguides zur St\u00e4rkung der Integrationserfolge) mit der neuen Mitarbeiterin Melanie Felden besetzt werden. Mit ihrer fachlichen Erfahrung und ihrem [&hellip;]\" \/>\n<meta property=\"og:url\" content=\"https:\/\/gruendau.de\/en\/kisi\/\" \/>\n<meta property=\"og:site_name\" content=\"Gemeinde Gr\u00fcndau\" \/>\n<meta property=\"article:modified_time\" content=\"2026-05-13T10:34:09+00:00\" \/>\n<meta property=\"og:image\" content=\"https:\/\/gruendau.de\/wp-content\/uploads\/2026\/05\/Logo-KISI-AMIF.png\" \/>\n<meta name=\"twitter:card\" content=\"summary_large_image\" \/>\n<meta name=\"twitter:label1\" content=\"Est. reading time\" \/>\n\t<meta name=\"twitter:data1\" content=\"2 minutes\" \/>\n<script type=\"application\/ld+json\" class=\"yoast-schema-graph\">{\"@context\":\"https:\\\/\\\/schema.org\",\"@graph\":[{\"@type\":\"WebPage\",\"@id\":\"https:\\\/\\\/gruendau.de\\\/kisi\\\/\",\"url\":\"https:\\\/\\\/gruendau.de\\\/kisi\\\/\",\"name\":\"Integration - Gemeinde Gr\u00fcndau\",\"isPartOf\":{\"@id\":\"https:\\\/\\\/gruendau.de\\\/#website\"},\"primaryImageOfPage\":{\"@id\":\"https:\\\/\\\/gruendau.de\\\/kisi\\\/#primaryimage\"},\"image\":{\"@id\":\"https:\\\/\\\/gruendau.de\\\/kisi\\\/#primaryimage\"},\"thumbnailUrl\":\"https:\\\/\\\/gruendau.de\\\/wp-content\\\/uploads\\\/2026\\\/05\\\/Logo-KISI-AMIF.png\",\"datePublished\":\"2026-05-13T09:21:08+00:00\",\"dateModified\":\"2026-05-13T10:34:09+00:00\",\"breadcrumb\":{\"@id\":\"https:\\\/\\\/gruendau.de\\\/kisi\\\/#breadcrumb\"},\"inLanguage\":\"en-US\",\"potentialAction\":[{\"@type\":\"ReadAction\",\"target\":[\"https:\\\/\\\/gruendau.de\\\/kisi\\\/\"]}]},{\"@type\":\"ImageObject\",\"inLanguage\":\"en-US\",\"@id\":\"https:\\\/\\\/gruendau.de\\\/kisi\\\/#primaryimage\",\"url\":\"https:\\\/\\\/gruendau.de\\\/wp-content\\\/uploads\\\/2026\\\/05\\\/Logo-KISI-AMIF.png\",\"contentUrl\":\"https:\\\/\\\/gruendau.de\\\/wp-content\\\/uploads\\\/2026\\\/05\\\/Logo-KISI-AMIF.png\"},{\"@type\":\"BreadcrumbList\",\"@id\":\"https:\\\/\\\/gruendau.de\\\/kisi\\\/#breadcrumb\",\"itemListElement\":[{\"@type\":\"ListItem\",\"position\":1,\"name\":\"Startseite\",\"item\":\"https:\\\/\\\/gruendau.de\\\/\"},{\"@type\":\"ListItem\",\"position\":2,\"name\":\"Integration\"}]},{\"@type\":\"WebSite\",\"@id\":\"https:\\\/\\\/gruendau.de\\\/#website\",\"url\":\"https:\\\/\\\/gruendau.de\\\/\",\"name\":\"Gemeinde Gr\u00fcndau\",\"description\":\"Wir freuen uns \u00fcber Ihren Besuch auf unserer Website.\",\"publisher\":{\"@id\":\"https:\\\/\\\/gruendau.de\\\/#organization\"},\"potentialAction\":[{\"@type\":\"SearchAction\",\"target\":{\"@type\":\"EntryPoint\",\"urlTemplate\":\"https:\\\/\\\/gruendau.de\\\/?s={search_term_string}\"},\"query-input\":{\"@type\":\"PropertyValueSpecification\",\"valueRequired\":true,\"valueName\":\"search_term_string\"}}],\"inLanguage\":\"en-US\"},{\"@type\":\"Organization\",\"@id\":\"https:\\\/\\\/gruendau.de\\\/#organization\",\"name\":\"Gemeinde Gr\u00fcndau\",\"url\":\"https:\\\/\\\/gruendau.de\\\/\",\"logo\":{\"@type\":\"ImageObject\",\"inLanguage\":\"en-US\",\"@id\":\"https:\\\/\\\/gruendau.de\\\/#\\\/schema\\\/logo\\\/image\\\/\",\"url\":\"\",\"contentUrl\":\"\",\"caption\":\"Gemeinde Gr\u00fcndau\"},\"image\":{\"@id\":\"https:\\\/\\\/gruendau.de\\\/#\\\/schema\\\/logo\\\/image\\\/\"}}]}<\/script>\n<!-- \/ Yoast SEO plugin. -->","yoast_head_json":{"title":"Integration - Gemeinde Gr\u00fcndau","robots":{"index":"index","follow":"follow","max-snippet":"max-snippet:-1","max-image-preview":"max-image-preview:large","max-video-preview":"max-video-preview:-1"},"canonical":"https:\/\/gruendau.de\/en\/kisi\/","og_locale":"en_US","og_type":"article","og_title":"Integration - Gemeinde Gr\u00fcndau","og_description":"Neue Anlaufstelle f\u00fcr Integration im Rathaus Gr\u00fcndau Die Gemeinde Gr\u00fcndau hat sich erfolgreich um eine von 41 Integrationsguide-Stellen beim Land Hessen beworben. Ab dem 01.02.2026 konnte die Stelle des Integrationsguides im Rahmen des Projekts \u201eKISI\u201c (Kommunale Integrationsguides zur St\u00e4rkung der Integrationserfolge) mit der neuen Mitarbeiterin Melanie Felden besetzt werden. Mit ihrer fachlichen Erfahrung und ihrem [&hellip;]","og_url":"https:\/\/gruendau.de\/en\/kisi\/","og_site_name":"Gemeinde Gr\u00fcndau","article_modified_time":"2026-05-13T10:34:09+00:00","og_image":[{"url":"https:\/\/gruendau.de\/wp-content\/uploads\/2026\/05\/Logo-KISI-AMIF.png","type":"","width":"","height":""}],"twitter_card":"summary_large_image","twitter_misc":{"Est. reading time":"2 minutes"},"schema":{"@context":"https:\/\/schema.org","@graph":[{"@type":"WebPage","@id":"https:\/\/gruendau.de\/kisi\/","url":"https:\/\/gruendau.de\/kisi\/","name":"Integration - Gemeinde Gr\u00fcndau","isPartOf":{"@id":"https:\/\/gruendau.de\/#website"},"primaryImageOfPage":{"@id":"https:\/\/gruendau.de\/kisi\/#primaryimage"},"image":{"@id":"https:\/\/gruendau.de\/kisi\/#primaryimage"},"thumbnailUrl":"https:\/\/gruendau.de\/wp-content\/uploads\/2026\/05\/Logo-KISI-AMIF.png","datePublished":"2026-05-13T09:21:08+00:00","dateModified":"2026-05-13T10:34:09+00:00","breadcrumb":{"@id":"https:\/\/gruendau.de\/kisi\/#breadcrumb"},"inLanguage":"en-US","potentialAction":[{"@type":"ReadAction","target":["https:\/\/gruendau.de\/kisi\/"]}]},{"@type":"ImageObject","inLanguage":"en-US","@id":"https:\/\/gruendau.de\/kisi\/#primaryimage","url":"https:\/\/gruendau.de\/wp-content\/uploads\/2026\/05\/Logo-KISI-AMIF.png","contentUrl":"https:\/\/gruendau.de\/wp-content\/uploads\/2026\/05\/Logo-KISI-AMIF.png"},{"@type":"BreadcrumbList","@id":"https:\/\/gruendau.de\/kisi\/#breadcrumb","itemListElement":[{"@type":"ListItem","position":1,"name":"Startseite","item":"https:\/\/gruendau.de\/"},{"@type":"ListItem","position":2,"name":"Integration"}]},{"@type":"WebSite","@id":"https:\/\/gruendau.de\/#website","url":"https:\/\/gruendau.de\/","name":"Gemeinde Gr\u00fcndau","description":"Wir freuen uns \u00fcber Ihren Besuch auf unserer Website.","publisher":{"@id":"https:\/\/gruendau.de\/#organization"},"potentialAction":[{"@type":"SearchAction","target":{"@type":"EntryPoint","urlTemplate":"https:\/\/gruendau.de\/?s={search_term_string}"},"query-input":{"@type":"PropertyValueSpecification","valueRequired":true,"valueName":"search_term_string"}}],"inLanguage":"en-US"},{"@type":"Organization","@id":"https:\/\/gruendau.de\/#organization","name":"Gemeinde Gr\u00fcndau","url":"https:\/\/gruendau.de\/","logo":{"@type":"ImageObject","inLanguage":"en-US","@id":"https:\/\/gruendau.de\/#\/schema\/logo\/image\/","url":"","contentUrl":"","caption":"Gemeinde Gr\u00fcndau"},"image":{"@id":"https:\/\/gruendau.de\/#\/schema\/logo\/image\/"}}]}},"_links":{"self":[{"href":"https:\/\/gruendau.de\/en\/wp-json\/wp\/v2\/pages\/53917","targetHints":{"allow":["GET"]}}],"collection":[{"href":"https:\/\/gruendau.de\/en\/wp-json\/wp\/v2\/pages"}],"about":[{"href":"https:\/\/gruendau.de\/en\/wp-json\/wp\/v2\/types\/page"}],"author":[{"embeddable":true,"href":"https:\/\/gruendau.de\/en\/wp-json\/wp\/v2\/users\/12"}],"replies":[{"embeddable":true,"href":"https:\/\/gruendau.de\/en\/wp-json\/wp\/v2\/comments?post=53917"}],"version-history":[{"count":9,"href":"https:\/\/gruendau.de\/en\/wp-json\/wp\/v2\/pages\/53917\/revisions"}],"predecessor-version":[{"id":53932,"href":"https:\/\/gruendau.de\/en\/wp-json\/wp\/v2\/pages\/53917\/revisions\/53932"}],"wp:attachment":[{"href":"https:\/\/gruendau.de\/en\/wp-json\/wp\/v2\/media?parent=53917"}],"wp:term":[{"taxonomy":"category","embeddable":true,"href":"https:\/\/gruendau.de\/en\/wp-json\/wp\/v2\/categories?post=53917"},{"taxonomy":"post_tag","embeddable":true,"href":"https:\/\/gruendau.de\/en\/wp-json\/wp\/v2\/tags?post=53917"}],"curies":[{"name":"wp","href":"https:\/\/api.w.org\/{rel}","templated":true}]}}